{"id":522,"date":"2022-01-21T17:04:51","date_gmt":"2022-01-21T17:04:51","guid":{"rendered":"https:\/\/www.webinar-med.pl\/med-sport\/password-reset\/"},"modified":"2023-01-20T17:51:16","modified_gmt":"2023-01-20T17:51:16","slug":"password-reset","status":"publish","type":"page","link":"https:\/\/www.webinar-med.pl\/med-sport\/password-reset\/","title":{"rendered":"Ustawianie nowego has\u0142a"},"content":{"rendered":"<div class=\"vce-row-container\"><div class=\"vce-row vce-row--col-gap-30 vce-row-no-paddings vce-row-equal-height vce-row-content--top\" data-vce-full-width=\"true\" data-vce-stretch-content=\"true\" id=\"el-c03a344a\" data-vce-do-apply=\"all el-c03a344a\"><div class=\"vce-row-content\" data-vce-element-content=\"true\"><div class=\"vce-col vce-col--md-auto vce-col--xs-1 vce-col--xs-last vce-col--xs-first vce-col--sm-last vce-col--sm-first vce-col--md-last vce-col--lg-last vce-col--xl-last vce-col--md-first vce-col--lg-first vce-col--xl-first\" id=\"el-e594ce9f\"><div class=\"vce-col-inner\" data-vce-do-apply=\"border margin background  el-e594ce9f\"><div class=\"vce-col-content\" data-vce-element-content=\"true\" data-vce-do-apply=\"padding el-e594ce9f\"><div class=\"vce-single-image-container vce-single-image--align-center\"><div class=\"vce vce-single-image-wrapper\" id=\"el-756c7d41\" data-vce-do-apply=\"all el-756c7d41\"><figure><div class=\"vce-single-image-figure-inner\" style=\"width: 1920px;\"><div class=\"vce-single-image-inner vce-single-image--absolute\" style=\"width: 100%; padding-bottom: 14.0625%;\"><img decoding=\"async\" class=\"vce-single-image\" src=\"https:\/\/www.webinar-med.pl\/med-sport\/wp-content\/uploads\/2023\/01\/small_web_banner-1.jpg\" data-img-src=\"https:\/\/www.webinar-med.pl\/med-sport\/wp-content\/uploads\/2023\/01\/small_web_banner-1.jpg\" data-attachment-id=\"610\" alt=\"\" title=\"small_web_banner\"><\/div><\/div><figcaption hidden=\"\"><\/figcaption><\/figure><\/div><\/div><\/div><\/div><\/div><\/div><\/div><\/div><div class=\"vce-row-container\"><div class=\"vce-row vce-row--col-gap-0 vce-row-no-paddings vce-row-equal-height vce-row-content--top\" data-vce-full-width=\"true\" data-vce-stretch-content=\"true\" id=\"el-942d133f\" data-vce-do-apply=\"all el-942d133f\"><div class=\"vce-content-background-container\"><\/div><div class=\"vce-row-content\" data-vce-element-content=\"true\"><div class=\"vce-col vce-col--md-auto vce-col--xs-1 vce-col--xs-last vce-col--xs-first vce-col--sm-last vce-col--sm-first vce-col--md-first vce-col--lg-first vce-col--xl-first\" id=\"el-4a14cb0a\"><div class=\"vce-col-inner\" data-vce-do-apply=\"border margin background  el-4a14cb0a\"><div class=\"vce-col-content\" data-vce-element-content=\"true\" data-vce-do-apply=\"padding el-4a14cb0a\"><div><\/div><\/div><\/div><\/div><div class=\"vce-col vce-col--md-auto vce-col--xs-1 vce-col--xs-last vce-col--xs-first vce-col--sm-last vce-col--sm-first vce-col--md-last vce-col--lg-last vce-col--xl-last\" id=\"el-17b713ce\"><div class=\"vce-col-inner\" data-vce-do-apply=\"border margin background  el-17b713ce\"><div class=\"vce-content-background-container\"><div class=\"vce-asset-color-gradient-container vce-visible-all-only\" data-vce-do-apply=\"gradient el-17b713ce\"><\/div><\/div><div class=\"vce-col-content\" data-vce-element-content=\"true\" data-vce-do-apply=\"padding el-17b713ce\"><div><\/div><\/div><\/div><\/div><\/div><\/div><\/div><div class=\"vce-row-container\" data-vce-boxed-width=\"true\"><div class=\"vce-row vce-row--col-gap-30 vce-row-equal-height vce-row-content--top\" id=\"el-302001a0\" data-vce-do-apply=\"all el-302001a0\"><div class=\"vce-content-background-container\"><\/div><div class=\"vce-row-content\" data-vce-element-content=\"true\"><div class=\"vce-col vce-col--md-auto vce-col--xs-1 vce-col--xs-last vce-col--xs-first vce-col--sm-last vce-col--sm-first vce-col--md-last vce-col--lg-last vce-col--xl-last vce-col--md-first vce-col--lg-first vce-col--xl-first\" id=\"el-8a0b45b2\"><div class=\"vce-col-inner\" data-vce-do-apply=\"border margin background  el-8a0b45b2\"><div class=\"vce-col-content\" data-vce-element-content=\"true\" data-vce-do-apply=\"padding el-8a0b45b2\"><div class=\"vce-text-block\"><div class=\"vce-text-block-wrapper vce\" id=\"el-dab90868\" data-vce-do-apply=\"all el-dab90868\"><p>\r\n<div class=\"um um-password um-um_password_id\">\r\n\t<div class=\"um-form\">\r\n\t\t<form method=\"post\" action=\"\">\r\n\t\t\t\r\n\t\t\t\t<input type=\"hidden\" name=\"_um_password_reset\" id=\"_um_password_reset\" value=\"1\" \/>\r\n\r\n\t\t\t\t\t\t\t\t\t<div class=\"um-field um-field-block um-field-type_block\">\r\n\t\t\t\t\t\t<div class=\"um-field-block\">\r\n\t\t\t\t\t\t\t<div style=\"text-align:center;\">\r\n\t\t\t\t\t\t\t\tAby zresetowa\u0107 has\u0142o, wprowad\u017a poni\u017cej sw\u00f3j adres e-mail lub nazw\u0119 u\u017cytkownika.\t\t\t\t\t\t\t<\/div>\r\n\t\t\t\t\t\t<\/div>\r\n\t\t\t\t\t<\/div>\r\n\t\t\t\t<div  id=\"um_field_um_password_id_username_b\" class=\"um-field um-field-text  um-field-username_b um-field-text um-field-type_text\" data-key=\"username_b\"><div class=\"um-field-area\"><input  autocomplete=\"off\" class=\"um-form-field valid \" type=\"text\" name=\"username_b\" id=\"username_b\" value=\"\" placeholder=\"Wpisz swoj\u0105 nazw\u0119 u\u017cytkownika lub e-mail\" data-validate=\"\" data-key=\"username_b\" \/>\r\n\r\n\t\t\t\t\t\t<\/div><\/div>\r\n\t\t\t\t<div class=\"um-col-alt um-col-alt-b\">\r\n\r\n\t\t\t\t\t<div class=\"um-center\">\r\n\t\t\t\t\t\t<input type=\"submit\" value=\"Reset password\" class=\"um-button\" id=\"um-submit-btn\" \/>\r\n\t\t\t\t\t<\/div>\r\n\r\n\t\t\t\t\t<div class=\"um-clear\"><\/div>\r\n\r\n\t\t\t\t<\/div>\r\n\r\n\t\t\t\t\t\t<input type=\"hidden\" name=\"form_id\" id=\"form_id_um_password_id\" value=\"um_password_id\" \/>\r\n\t\r\n\t<p class=\"um_request_name\">\r\n\t\t<label for=\"um_request_um_password_id\">Only fill in if you are not human<\/label>\r\n\t\t<input type=\"hidden\" name=\"um_request\" id=\"um_request_um_password_id\" class=\"input\" value=\"\" size=\"25\" autocomplete=\"off\" \/>\r\n\t<\/p>\r\n\r\n\t\t\t<\/form>\r\n\t<\/div>\r\n<\/div>\r\n<style type=\"text\/css\">\r\n.um-um_password_id.um {\r\n\tmax-width: 450px;\r\n}<\/style>\r\n<\/p>\n<\/div><\/div><\/div><\/div><\/div><\/div><\/div><\/div>","protected":false},"excerpt":{"rendered":"","protected":false},"author":1,"featured_media":0,"parent":0,"menu_order":0,"comment_status":"closed","ping_status":"closed","template":"","meta":{"site-sidebar-layout":"default","site-content-layout":"default","ast-global-header-display":"","ast-main-header-display":"","ast-hfb-above-header-display":"","ast-hfb-below-header-display":"","ast-hfb-mobile-header-display":"","site-post-title":"","ast-breadcrumbs-content":"","ast-featured-img":"","footer-sml-layout":"","theme-transparent-header-meta":"","adv-header-id-meta":"","stick-header-meta":"","header-above-stick-meta":"","header-main-stick-meta":"","header-below-stick-meta":""},"yoast_head":"<!-- This site is optimized with the Yoast SEO plugin v19.14 - https:\/\/yoast.com\/wordpress\/plugins\/seo\/ -->\n<title>Ustawianie nowego has\u0142a - VI Mi\u0119dzynarodowe \u015al\u0105skie Sympozjum Ortopedyczno-Fizjoterapeutyczne - Obr\u0119cz barkowa<\/title>\n<meta name=\"robots\" content=\"index, follow, max-snippet:-1, max-image-preview:large, max-video-preview:-1\" \/>\n<link rel=\"canonical\" href=\"https:\/\/www.webinar-med.pl\/med-sport\/password-reset\/\" \/>\n<meta property=\"og:locale\" content=\"pl_PL\" \/>\n<meta property=\"og:type\" content=\"article\" \/>\n<meta property=\"og:title\" content=\"Ustawianie nowego has\u0142a - VI Mi\u0119dzynarodowe \u015al\u0105skie Sympozjum Ortopedyczno-Fizjoterapeutyczne - Obr\u0119cz barkowa\" \/>\n<meta property=\"og:url\" content=\"https:\/\/www.webinar-med.pl\/med-sport\/password-reset\/\" \/>\n<meta property=\"og:site_name\" content=\"VI Mi\u0119dzynarodowe \u015al\u0105skie Sympozjum Ortopedyczno-Fizjoterapeutyczne - Obr\u0119cz barkowa\" \/>\n<meta property=\"article:modified_time\" content=\"2023-01-20T17:51:16+00:00\" \/>\n<meta name=\"twitter:card\" content=\"summary_large_image\" \/>\n<script type=\"application\/ld+json\" class=\"yoast-schema-graph\">{\"@context\":\"https:\/\/schema.org\",\"@graph\":[{\"@type\":\"WebPage\",\"@id\":\"https:\/\/www.webinar-med.pl\/med-sport\/password-reset\/\",\"url\":\"https:\/\/www.webinar-med.pl\/med-sport\/password-reset\/\",\"name\":\"Ustawianie nowego has\u0142a - VI Mi\u0119dzynarodowe \u015al\u0105skie Sympozjum Ortopedyczno-Fizjoterapeutyczne - Obr\u0119cz barkowa\",\"isPartOf\":{\"@id\":\"https:\/\/www.webinar-med.pl\/med-sport\/#website\"},\"datePublished\":\"2022-01-21T17:04:51+00:00\",\"dateModified\":\"2023-01-20T17:51:16+00:00\",\"breadcrumb\":{\"@id\":\"https:\/\/www.webinar-med.pl\/med-sport\/password-reset\/#breadcrumb\"},\"inLanguage\":\"pl-PL\",\"potentialAction\":[{\"@type\":\"ReadAction\",\"target\":[\"https:\/\/www.webinar-med.pl\/med-sport\/password-reset\/\"]}]},{\"@type\":\"BreadcrumbList\",\"@id\":\"https:\/\/www.webinar-med.pl\/med-sport\/password-reset\/#breadcrumb\",\"itemListElement\":[{\"@type\":\"ListItem\",\"position\":1,\"name\":\"Strona g\u0142\u00f3wna\",\"item\":\"https:\/\/www.webinar-med.pl\/med-sport\/\"},{\"@type\":\"ListItem\",\"position\":2,\"name\":\"Ustawianie nowego has\u0142a\"}]},{\"@type\":\"WebSite\",\"@id\":\"https:\/\/www.webinar-med.pl\/med-sport\/#website\",\"url\":\"https:\/\/www.webinar-med.pl\/med-sport\/\",\"name\":\"VI Mi\u0119dzynarodowe \u015al\u0105skie Sympozjum Ortopedyczno-Fizjoterapeutyczne - Obr\u0119cz barkowa\",\"description\":\"Scanmed Sport\",\"publisher\":{\"@id\":\"https:\/\/www.webinar-med.pl\/med-sport\/#organization\"},\"potentialAction\":[{\"@type\":\"SearchAction\",\"target\":{\"@type\":\"EntryPoint\",\"urlTemplate\":\"https:\/\/www.webinar-med.pl\/med-sport\/?s={search_term_string}\"},\"query-input\":\"required name=search_term_string\"}],\"inLanguage\":\"pl-PL\"},{\"@type\":\"Organization\",\"@id\":\"https:\/\/www.webinar-med.pl\/med-sport\/#organization\",\"name\":\"VI Mi\u0119dzynarodowe \u015al\u0105skie Sympozjum Ortopedyczno-Fizjoterapeutyczne - Obr\u0119cz barkowa\",\"url\":\"https:\/\/www.webinar-med.pl\/med-sport\/\",\"logo\":{\"@type\":\"ImageObject\",\"inLanguage\":\"pl-PL\",\"@id\":\"https:\/\/www.webinar-med.pl\/med-sport\/#\/schema\/logo\/image\/\",\"url\":\"https:\/\/www.webinar-med.pl\/med-sport\/wp-content\/uploads\/2020\/11\/logo_webinarmed-1.png\",\"contentUrl\":\"https:\/\/www.webinar-med.pl\/med-sport\/wp-content\/uploads\/2020\/11\/logo_webinarmed-1.png\",\"width\":345,\"height\":120,\"caption\":\"VI Mi\u0119dzynarodowe \u015al\u0105skie Sympozjum Ortopedyczno-Fizjoterapeutyczne - Obr\u0119cz barkowa\"},\"image\":{\"@id\":\"https:\/\/www.webinar-med.pl\/med-sport\/#\/schema\/logo\/image\/\"}}]}<\/script>\n<!-- \/ Yoast SEO plugin. -->","yoast_head_json":{"title":"Ustawianie nowego has\u0142a - VI Mi\u0119dzynarodowe \u015al\u0105skie Sympozjum Ortopedyczno-Fizjoterapeutyczne - Obr\u0119cz barkowa","robots":{"index":"index","follow":"follow","max-snippet":"max-snippet:-1","max-image-preview":"max-image-preview:large","max-video-preview":"max-video-preview:-1"},"canonical":"https:\/\/www.webinar-med.pl\/med-sport\/password-reset\/","og_locale":"pl_PL","og_type":"article","og_title":"Ustawianie nowego has\u0142a - VI Mi\u0119dzynarodowe \u015al\u0105skie Sympozjum Ortopedyczno-Fizjoterapeutyczne - Obr\u0119cz barkowa","og_url":"https:\/\/www.webinar-med.pl\/med-sport\/password-reset\/","og_site_name":"VI Mi\u0119dzynarodowe \u015al\u0105skie Sympozjum Ortopedyczno-Fizjoterapeutyczne - Obr\u0119cz barkowa","article_modified_time":"2023-01-20T17:51:16+00:00","twitter_card":"summary_large_image","schema":{"@context":"https:\/\/schema.org","@graph":[{"@type":"WebPage","@id":"https:\/\/www.webinar-med.pl\/med-sport\/password-reset\/","url":"https:\/\/www.webinar-med.pl\/med-sport\/password-reset\/","name":"Ustawianie nowego has\u0142a - VI Mi\u0119dzynarodowe \u015al\u0105skie Sympozjum Ortopedyczno-Fizjoterapeutyczne - Obr\u0119cz barkowa","isPartOf":{"@id":"https:\/\/www.webinar-med.pl\/med-sport\/#website"},"datePublished":"2022-01-21T17:04:51+00:00","dateModified":"2023-01-20T17:51:16+00:00","breadcrumb":{"@id":"https:\/\/www.webinar-med.pl\/med-sport\/password-reset\/#breadcrumb"},"inLanguage":"pl-PL","potentialAction":[{"@type":"ReadAction","target":["https:\/\/www.webinar-med.pl\/med-sport\/password-reset\/"]}]},{"@type":"BreadcrumbList","@id":"https:\/\/www.webinar-med.pl\/med-sport\/password-reset\/#breadcrumb","itemListElement":[{"@type":"ListItem","position":1,"name":"Strona g\u0142\u00f3wna","item":"https:\/\/www.webinar-med.pl\/med-sport\/"},{"@type":"ListItem","position":2,"name":"Ustawianie nowego has\u0142a"}]},{"@type":"WebSite","@id":"https:\/\/www.webinar-med.pl\/med-sport\/#website","url":"https:\/\/www.webinar-med.pl\/med-sport\/","name":"VI Mi\u0119dzynarodowe \u015al\u0105skie Sympozjum Ortopedyczno-Fizjoterapeutyczne - Obr\u0119cz barkowa","description":"Scanmed Sport","publisher":{"@id":"https:\/\/www.webinar-med.pl\/med-sport\/#organization"},"potentialAction":[{"@type":"SearchAction","target":{"@type":"EntryPoint","urlTemplate":"https:\/\/www.webinar-med.pl\/med-sport\/?s={search_term_string}"},"query-input":"required name=search_term_string"}],"inLanguage":"pl-PL"},{"@type":"Organization","@id":"https:\/\/www.webinar-med.pl\/med-sport\/#organization","name":"VI Mi\u0119dzynarodowe \u015al\u0105skie Sympozjum Ortopedyczno-Fizjoterapeutyczne - Obr\u0119cz barkowa","url":"https:\/\/www.webinar-med.pl\/med-sport\/","logo":{"@type":"ImageObject","inLanguage":"pl-PL","@id":"https:\/\/www.webinar-med.pl\/med-sport\/#\/schema\/logo\/image\/","url":"https:\/\/www.webinar-med.pl\/med-sport\/wp-content\/uploads\/2020\/11\/logo_webinarmed-1.png","contentUrl":"https:\/\/www.webinar-med.pl\/med-sport\/wp-content\/uploads\/2020\/11\/logo_webinarmed-1.png","width":345,"height":120,"caption":"VI Mi\u0119dzynarodowe \u015al\u0105skie Sympozjum Ortopedyczno-Fizjoterapeutyczne - Obr\u0119cz barkowa"},"image":{"@id":"https:\/\/www.webinar-med.pl\/med-sport\/#\/schema\/logo\/image\/"}}]}},"_links":{"self":[{"href":"https:\/\/www.webinar-med.pl\/med-sport\/wp-json\/wp\/v2\/pages\/522"}],"collection":[{"href":"https:\/\/www.webinar-med.pl\/med-sport\/wp-json\/wp\/v2\/pages"}],"about":[{"href":"https:\/\/www.webinar-med.pl\/med-sport\/wp-json\/wp\/v2\/types\/page"}],"author":[{"embeddable":true,"href":"https:\/\/www.webinar-med.pl\/med-sport\/wp-json\/wp\/v2\/users\/1"}],"replies":[{"embeddable":true,"href":"https:\/\/www.webinar-med.pl\/med-sport\/wp-json\/wp\/v2\/comments?post=522"}],"version-history":[{"count":3,"href":"https:\/\/www.webinar-med.pl\/med-sport\/wp-json\/wp\/v2\/pages\/522\/revisions"}],"predecessor-version":[{"id":612,"href":"https:\/\/www.webinar-med.pl\/med-sport\/wp-json\/wp\/v2\/pages\/522\/revisions\/612"}],"wp:attachment":[{"href":"https:\/\/www.webinar-med.pl\/med-sport\/wp-json\/wp\/v2\/media?parent=522"}],"curies":[{"name":"wp","href":"https:\/\/api.w.org\/{rel}","templated":true}]}}