{"id":45,"date":"2020-11-09T17:50:05","date_gmt":"2020-11-09T17:50:05","guid":{"rendered":"https:\/\/www.webinar-med.pl\/med-sport\/?page_id=45"},"modified":"2023-01-30T14:49:33","modified_gmt":"2023-01-30T14:49:33","slug":"informacja-rodo","status":"publish","type":"page","link":"https:\/\/www.webinar-med.pl\/med-sport\/informacja-rodo\/","title":{"rendered":"Informacja RODO"},"content":{"rendered":"<div class=\"vce-row-container\" data-vce-boxed-width=\"true\"><div class=\"vce-row vce-row--col-gap-30 vce-row-content--top\" id=\"el-06a1c67d\" data-vce-do-apply=\"all el-06a1c67d\"><div class=\"vce-row-content\" data-vce-element-content=\"true\"><div class=\"vce-col vce-col--md-auto vce-col--xs-1 vce-col--xs-last vce-col--xs-first vce-col--sm-last vce-col--sm-first vce-col--md-last vce-col--lg-last vce-col--xl-last vce-col--md-first vce-col--lg-first vce-col--xl-first\" id=\"el-9059f883\"><div class=\"vce-col-inner\" data-vce-do-apply=\"border margin background  el-9059f883\"><div class=\"vce-col-content\" data-vce-element-content=\"true\" data-vce-do-apply=\"padding el-9059f883\"><div class=\"vce-text-block\"><div class=\"vce-text-block-wrapper vce\" id=\"el-765240e2\" data-vce-do-apply=\"all el-765240e2\"><p><span style=\"font-family: Lato;\"><b>INFORMACJA O PRZETWARZANIU DANYCH OSOBOWYCH&nbsp;<\/b><\/span><\/p><p><span style=\"font-family: Lato;\"><span style=\"font-weight: 400;\">Zgodnie z Rozporz\u0105dzeniem 2016\/679 (dalej: \u201e<\/span><b>RODO<\/b><span style=\"font-weight: 400;\">\u201d) informujemy, \u017ce przetwarzamy Pa\u0144stwa dane osobowe.<\/span><\/span><\/p><ol><li><span style=\"font-family: Lato;\"><b> Kto administruje Pa\u0144stwa danymi osobowymi?<\/b><\/span><\/li><\/ol><p><span style=\"font-family: Lato;\"><span style=\"font-weight: 400;\">Administratorem Pa\u0144stwa danych osobowych jest: Scanmed Sport Sp. z o.o., z siedzib\u0105 w \u017borach, ul. Bankowa 2, 44-240 \u017bory,<\/span> <span style=\"font-weight: 400;\">&nbsp;KRS: 0000834551 (dalej: \u201e<\/span><b>Administrator<\/b><span style=\"font-weight: 400;\">\u201d).&nbsp;<\/span><\/span><\/p><p><span style=\"font-family: Lato;\"><span style=\"font-weight: 400;\">Kontakt do nas:<\/span><span style=\"font-weight: 400;\"><br><\/span><\/span><\/p><ul><li style=\"font-weight: 400;\"><span style=\"font-family: Lato;\"><span style=\"font-weight: 400;\">adres e-mail: <\/span><a href=\"mailto:info@sport-klinika.pl\"><span style=\"font-weight: 400;\">info@sport-klinika.pl<\/span><\/a><\/span><\/li><li style=\"font-weight: 400;\"><span style=\"font-weight: 400; font-family: Lato;\">Scanmed Sport Sp. z o.o., ul. Bankowa 2, 44-244 \u017bory.<\/span><\/li><\/ul><ol start=\"2\"><li><span style=\"font-family: Lato;\"><b> Jak skontaktowa\u0107 si\u0119 z Inspektorem Ochrony Danych?<\/b><\/span><\/li><\/ol><p><span style=\"font-weight: 400; font-family: Lato;\">Wyznaczyli\u015bmy Inspektora Ochrony Danych. Jest nim Pan Jacek Skalski.<\/span><\/p><p><span style=\"font-family: Lato;\"><span style=\"font-weight: 400;\">Mo\u017cecie si\u0119 Pa\u0144stwo skontaktowa\u0107 si\u0119 z Inspektorem Ochrony Danych we wszelkich sprawach dotycz\u0105cych ochrony danych osobowych i realizacji swoich praw drog\u0105 e-mailow\u0105:&nbsp; <\/span><a href=\"mailto:iod@sport-klinika.pl\"><span style=\"font-weight: 400;\">iod@sport-klinika.pl<\/span><\/a> <span style=\"font-weight: 400;\">&nbsp;lub listownie pisz\u0105c na nasz adres siedziby wskazany powy\u017cej.<\/span><\/span><\/p><ol start=\"3\"><li><span style=\"font-family: Lato;\"><b> Jakie s\u0105 cele i podstawy prawne przetwarzania Pa\u0144stwa danych osobowych oraz okres ich wykorzystywania przez Administratora?<\/b><b><br><\/b><\/span><\/li><\/ol><p><span style=\"font-family: Lato;\"><b>Cele, postawy prawne i okresy przetwarzania:<\/b><\/span><\/p><p><span style=\"font-family: Lato;\"><span style=\"font-weight: 400;\">3.1. <\/span><b>Rejestracja Pa\u0144stwa udzia\u0142u, udokumentowanie uczestnictwa oraz przes\u0142anie materia\u0142\u00f3w informacyjnych<\/b><span style=\"font-weight: 400;\"> w zwi\u0105zku z&nbsp; VI<\/span><i><span style=\"font-weight: 400;\"> \u015al\u0105skim Sympozjum Ortopedyczno-Fizjoterapeutycznym - Staw Skokowy i Stopa <\/span><\/i>&nbsp;<span style=\"font-weight: 400;\">na podstawie Pa\u0144stwa zgody \u2013 art. 6 ust. 1 lit. a) RODO \ud83e\udc7a przez okres do wyga\u015bni\u0119cia celu lub wycofania przez Pa\u0144stwa zgody na przetwarzanie danych osobowych.<\/span><\/span><\/p><p><span style=\"font-weight: 400; font-family: Lato;\">Mog\u0105 Pa\u0144stwo wycofa\u0107 zgod\u0119 w dowolnym momencie bez podania przyczyny, ale nie wp\u0142ywa to na zgodno\u015b\u0107 z prawem przetwarzania dokonanego na Podstawie Pa\u0144stwa zgody przed jej cofni\u0119ciem.<\/span><\/p><p><span style=\"font-family: Lato;\"><span style=\"font-weight: 400;\">3.2. <\/span><b>Realizacja obowi\u0105zk\u00f3w prawnych Administratora zwi\u0105zanych z wystawianiem faktur, prowadzeniem ksi\u0105g rachunkowych i dokumentacji podatkowej<\/b> <span style=\"font-weight: 400;\">na podstawie art. 6 ust. 1 lit. c) RODO w zwi\u0105zku z art. 112a ustawy z dnia 11 marca 2004 r. o podatku od towar\u00f3w i us\u0142ug oraz art. 70 ust. 1 Ustawy z dnia 29 sierpnia 1997 r. Ordynacja podatkowa <\/span><span style=\"font-weight: 400;\">\ud83e\udc7a przez okres wymagany przepisami prawa, nie d\u0142u\u017cej jednak ni\u017c okres przedawnienia zobowi\u0105za\u0144 publicznoprawnych (podatki).<\/span><\/span><\/p><p><span style=\"font-family: Lato;\"><span style=\"font-weight: 400;\">3.3.<\/span><b> Utrzymywanie kontaktu, w tym udzielenia odpowiedzi na zadane pytania<\/b><span style=\"font-weight: 400;\">, w przypadku prowadzenia <\/span><span style=\"font-weight: 400;\"><br><\/span><span style=\"font-weight: 400;\">z Pa\u0144stwem korespondencji w formie tradycyjnej lub elektronicznej z u\u017cyciem poczty e-mail oraz formularzy kontaktowych, jako uzasadniony interes prawny Administratora na podstawie art. 6 ust. 1 lit. f) RODO przez okres do wyga\u015bni\u0119cia celu, lub do z\u0142o\u017cenia skutecznego sprzeciwu.<\/span><\/span><\/p><p><span style=\"font-family: Lato;\"><span style=\"font-weight: 400;\">3.4.<\/span><b> Stosowanie procedur zapobiegania nieprawid\u0142owo\u015bciom oraz nadzoru w\u0142a\u015bcicielskiego <\/b><span style=\"font-weight: 400;\">w zakresie kontroli i audytu proces\u00f3w biznesowych oraz jako\u015bci realizowanych us\u0142ug, a tak\u017ce wewn\u0119trznych mechanizm\u00f3w ujawniania informacji <\/span><span style=\"font-weight: 400;\"><br><\/span><span style=\"font-weight: 400;\">o naruszeniach prawa lub procedur w Grupie Scanmed, kt\u00f3rej cz\u0119\u015bci\u0105 jest Administrator Pa\u0144stwa danych, na podstawie uzasadnionego interesu prawnego Administratora lub interesu Life Healthcare Group&nbsp;(Pty) Ltd (dalej: \u201e<\/span><b>LHG<\/b><span style=\"font-weight: 400;\">\u201d), kt\u00f3ra mo\u017ce by\u0107 odbiorc\u0105 Pa\u0144stwa danych w zwi\u0105zku z realizowanym celem, zgodnie z art. 6 ust. 1 lit. f) RODO \ud83e\udc7a przez okres pracy lub do czasu z\u0142o\u017cenia skutecznego sprzeciwu.<\/span><\/span><\/p><p><span style=\"font-family: Lato;\"><span style=\"font-weight: 400;\">3.5.<\/span><b> Dochodzenie roszcze\u0144 lub obrona przed roszczeniami<\/b><span style=\"font-weight: 400;\">, na podstawie uzasadnionego interesu prawnego Administratora, zgodnie z art. 6 ust. 1 lit. f) RODO oraz przepisami og\u00f3lnymi \ud83e\udc7a przez okres do wyga\u015bni\u0119cia roszcze\u0144, lub do z\u0142o\u017cenia skutecznego sprzeciwu.<\/span><\/span><\/p><ol start=\"4\"><li><span style=\"font-family: Lato;\"><b> Jakie Pa\u0144stwa dane przetwarzamy i sk\u0105d je pozyskujemy?<\/b><\/span><\/li><\/ol><p><span style=\"font-family: Lato;\"><span style=\"font-weight: 400;\">4.1. Przetwarzamy przede wszystkim dane pozyskane bezpo\u015brednio od Pa\u0144stwa, jako os\u00f3b rejestruj\u0105cych sw\u00f3j udzia\u0142 <\/span><span style=\"font-weight: 400;\"><br><\/span><span style=\"font-weight: 400;\">w Sympozjum, w zakresie danych osobowych nam przekazanych.&nbsp;<\/span><\/span><\/p><p><span style=\"font-weight: 400; font-family: Lato;\">Do powy\u017cszych cel\u00f3w dane mog\u0105 by\u0107 pozyskiwane tak\u017ce od technicznego organizatora Sympozjum - SANS SOUCI D. Gruszczy\u0144ski, E. Maza sp\u00f3\u0142ka jawna z siedzib\u0105 w Poznaniu, kt\u00f3ra udost\u0119pnia nam Pa\u0144stwa dane na podstawie Pa\u0144stwa zgody w zakresie: imi\u0119&nbsp;<\/span><span style=\"font-weight: 400; font-family: Lato;\">i nazwisko, nr telefonu, adres e-mail, adres korespondencyjny.<\/span><\/p><ol start=\"5\"><li><span style=\"font-family: Lato;\"><b> Czy podanie przez Pa\u0144stwa danych jest obowi\u0105zkowe?&nbsp;<\/b><\/span><\/li><\/ol><p><span style=\"font-weight: 400; font-family: Lato;\">Podanie przez Pa\u0144stwa danych jest dobrowolne, ale niezb\u0119dne do realizacji cel\u00f3w, do jakich zosta\u0142y zebrane. Podanie danych osobowych w zwi\u0105zku z wystawieniem faktury jest Pa\u0144stwa obowi\u0105zkiem ustawowym, a ich niepodanie skutkowa\u0107 b\u0119dzie brakiem mo\u017cliwo\u015bci wystawienia przez Administratora faktury.<\/span><\/p><ol start=\"6\"><li><span style=\"font-family: Lato;\"><b> Kim s\u0105 odbiorcy Pa\u0144stwa danych osobowych?<\/b><\/span><\/li><\/ol><p><span style=\"font-weight: 400; font-family: Lato;\">Kategorie odbiorc\u00f3w:<\/span><\/p><ul><li style=\"font-weight: 400;\"><span style=\"font-weight: 400; font-family: Lato;\">dostawcy us\u0142ug i podmioty wyspecjalizowane w zapewnianiu obs\u0142ugi technicznej system\u00f3w informatycznych,<\/span><\/li><li style=\"font-weight: 400;\"><span style=\"font-weight: 400; font-family: Lato;\">podmioty sprawuj\u0105ce nadz\u00f3r w\u0142a\u015bcicielski nad Administratorem w ramach realizacji cel\u00f3w wskazanych w pkt 3.4. powy\u017cej,<\/span><\/li><li style=\"font-weight: 400;\"><span style=\"font-weight: 400; font-family: Lato;\">banki w zakresie realizacji dzia\u0142alno\u015bci Administratora,<\/span><\/li><li style=\"font-weight: 400;\"><span style=\"font-weight: 400; font-family: Lato;\">podmioty z Grupy Scanmed, z kt\u00f3rymi zawarte zosta\u0142y umowy powierzenia, w szczeg\u00f3lno\u015bci Scanmed S.A.<\/span><\/li><li style=\"font-weight: 400;\"><span style=\"font-weight: 400; font-family: Lato;\">dostawca serwisu do rejestrowania uczestnictwa w Sympozjum oraz obs\u0142ugi organizacyjnej : SANS SOUCI D. Gruszczy\u0144ski, E. Maza sp\u00f3\u0142ka jawna z siedzib\u0105 w Poznaniu przy ulicy Zakr\u0119t 16, z kt\u00f3r\u0105 zawarta zosta\u0142a umowa powierzenia.<\/span><\/li><\/ul><ol start=\"7\"><li><span style=\"font-family: Lato;\"><b> Przekazywanie Pa\u0144stwa danych poza Europejski Obszar Gospodarczy.<\/b><\/span><\/li><\/ol><p><span style=\"font-family: Lato;\"><span style=\"font-weight: 400;\">Mo\u017ce si\u0119 zdarzy\u0107, \u017ce w ramach realizacji celu z pkt 3.4. mo\u017cemy \u2013 na postawie stosownej umowy - przekazywa\u0107 Pa\u0144stwa dane osobowe do LHG z siedzib\u0105 w RPA, kt\u00f3ra jest sp\u00f3\u0142k\u0105 matk\u0105 Scanmed Sport Sp. z o.o. Maj\u0105c na uwadze Pa\u0144stwa prywatno\u015b\u0107 <\/span><span style=\"font-weight: 400;\"><br><\/span><span style=\"font-weight: 400;\">i poufno\u015b\u0107 danych osobowych, stosujemy odpowiednie zabezpieczenia w postaci zawarcia - w umowie o przekazywaniu danych osobowych do LHG \u2013 obowi\u0105zkowych zapis\u00f3w umownych przyj\u0119tych przez Komisj\u0119 Europejsk\u0105. Macie Pa\u0144stwo prawo do uzyskania kopii informacji o zabezpieczeniach danych osobowych przesy\u0142anych do LHG, a tak\u017ce kopii dokument\u00f3w w oparciu, <\/span><span style=\"font-weight: 400;\"><br><\/span><span style=\"font-weight: 400;\">o kt\u00f3re dane s\u0105 przekazane.&nbsp;<\/span><\/span><\/p><ol start=\"8\"><li><span style=\"font-family: Lato;\"><b>Jakie prawa Pa\u0144stwu przys\u0142uguj\u0105 w zwi\u0105zku z przetwarzaniem przez Administratora danych osobowych?<\/b><\/span><\/li><\/ol><p><span style=\"font-family: Lato;\"><b>Przys\u0142uguje Pa\u0144stwu prawo do:<\/b><\/span><\/p><ul><li style=\"font-weight: 400;\"><span style=\"font-weight: 400; font-family: Lato;\">dost\u0119pu do w\u0142asnych danych osobowych w tym uzyskania ich kopii,<\/span><\/li><li style=\"font-weight: 400;\"><span style=\"font-weight: 400; font-family: Lato;\">sprostowania w\u0142asnych danych osobowych,<\/span><\/li><li style=\"font-weight: 400;\"><span style=\"font-weight: 400; font-family: Lato;\">\u017c\u0105dania usuni\u0119cia w\u0142asnych danych osobowych,&nbsp;<\/span><\/li><li style=\"font-weight: 400;\"><span style=\"font-weight: 400; font-family: Lato;\">ograniczenia przetwarzania w\u0142asnych danych,<\/span><\/li><li style=\"font-weight: 400;\"><span style=\"font-weight: 400; font-family: Lato;\">przenoszenia w\u0142asnych danych,<\/span><\/li><li style=\"font-weight: 400;\"><span style=\"font-weight: 400; font-family: Lato;\">wycofania wyra\u017conej przez Pa\u0144stwa zgody na przetwarzanie danych osobowych w dowolnym momencie bez wp\u0142ywu na zgodno\u015b\u0107 z prawem przetwarzania, kt\u00f3rego dokonywali\u015bmy na podstawie zgody przed jej cofni\u0119ciem. O ile dane s\u0105 przetwarzane na podstawie Pa\u0144stwa zgody.<\/span><\/li><li style=\"font-weight: 400;\"><span style=\"font-weight: 400; font-family: Lato;\">wniesienie skargi do Prezesa Urz\u0119du Ochrony Danych Osobowych w przypadku, gdyby Administrator przetwarza\u0142 Pa\u0144stwa dane osobowe z naruszeniem prawa.<\/span><\/li><\/ul><p><span style=\"font-family: Lato;\"><b>Macie Pa\u0144stwo prawo do wniesienia sprzeciwu wobec przetwarzania danych osobowych, je\u015bli przetwarzamy Pa\u0144stwa dane na podstawie naszego uzasadnionego interesu, o czym by\u0142a mowa w punkcie 3 niniejszej informacji.<\/b><\/span><\/p><p><span style=\"font-weight: 400; font-family: Lato;\">W celu skorzystania z Pa\u0144stwa praw prosimy o kontakt z nami. Dane kontaktowe znajdziecie Pa\u0144stwo w punkcie 1 i 2 niniejszej informacji.<\/span><\/p><ol start=\"9\"><li><span style=\"font-family: Lato;\"><b> Czy b\u0119dziemy podejmowa\u0107 decyzje w spos\u00f3b ca\u0142kowicie zautomatyzowany (tj. bez udzia\u0142u cz\u0142owieka)?<\/b><\/span><\/li><\/ol><p><span style=\"font-weight: 400; font-family: Lato;\">W zwi\u0105zku z organizacj\u0105 Sympozjum nie b\u0119dziemy podejmowa\u0107 decyzji w spos\u00f3b ca\u0142kowicie zautomatyzowany, w tym w oparciu o profilowanie. Na ka\u017cdym etapie wsp\u00f3\u0142pracy decyzje Pa\u0144stwa dotycz\u0105ce podejmowa\u0142 b\u0119dzie cz\u0142owiek.<\/span><\/p><\/div><\/div><\/div><\/div><\/div><\/div><\/div><\/div>\n","protected":false},"excerpt":{"rendered":"<p>INFORMACJA O PRZETWARZANIU DANYCH OSOBOWYCH&nbsp;Zgodnie z Rozporz\u0105dzeniem 2016\/679 (dalej: \u201eRODO\u201d) informujemy, \u017ce przetwarzamy Pa\u0144stwa dane osobowe. Kto administruje Pa\u0144stwa danymi osobowymi?Administratorem Pa\u0144stwa danych osobowych jest: Scanmed Sport Sp. z o.o., z siedzib\u0105 w \u017borach, ul. Bankowa 2, 44-240 \u017bory, &nbsp;KRS: 0000834551 (dalej: \u201eAdministrator\u201d).&nbsp;Kontakt do nas:adres e-mail: info@sport-klinika.plScanmed Sport Sp. z o.o., ul. Bankowa 2, 44-244 &hellip;<\/p>\n<p class=\"read-more\"> <a class=\"\" href=\"https:\/\/www.webinar-med.pl\/med-sport\/informacja-rodo\/\"> <span class=\"screen-reader-text\">Informacja RODO<\/span> Read More &raquo;<\/a><\/p>\n","protected":false},"author":1,"featured_media":0,"parent":0,"menu_order":0,"comment_status":"closed","ping_status":"closed","template":"","meta":{"site-sidebar-layout":"default","site-content-layout":"default","ast-global-header-display":"","ast-main-header-display":"","ast-hfb-above-header-display":"","ast-hfb-below-header-display":"","ast-hfb-mobile-header-display":"","site-post-title":"","ast-breadcrumbs-content":"","ast-featured-img":"","footer-sml-layout":"","theme-transparent-header-meta":"default","adv-header-id-meta":"","stick-header-meta":"","header-above-stick-meta":"","header-main-stick-meta":"","header-below-stick-meta":""},"yoast_head":"<!-- This site is optimized with the Yoast SEO plugin v19.14 - https:\/\/yoast.com\/wordpress\/plugins\/seo\/ -->\n<title>Informacja RODO - VI Mi\u0119dzynarodowe \u015al\u0105skie Sympozjum Ortopedyczno-Fizjoterapeutyczne - Obr\u0119cz barkowa<\/title>\n<meta name=\"robots\" content=\"index, follow, max-snippet:-1, max-image-preview:large, max-video-preview:-1\" \/>\n<link rel=\"canonical\" href=\"https:\/\/www.webinar-med.pl\/med-sport\/informacja-rodo\/\" \/>\n<meta property=\"og:locale\" content=\"pl_PL\" \/>\n<meta property=\"og:type\" content=\"article\" \/>\n<meta property=\"og:title\" content=\"Informacja RODO - VI Mi\u0119dzynarodowe \u015al\u0105skie Sympozjum Ortopedyczno-Fizjoterapeutyczne - Obr\u0119cz barkowa\" \/>\n<meta property=\"og:description\" content=\"INFORMACJA O PRZETWARZANIU DANYCH OSOBOWYCH&nbsp;Zgodnie z Rozporz\u0105dzeniem 2016\/679 (dalej: \u201eRODO\u201d) informujemy, \u017ce przetwarzamy Pa\u0144stwa dane osobowe. Kto administruje Pa\u0144stwa danymi osobowymi?Administratorem Pa\u0144stwa danych osobowych jest: Scanmed Sport Sp. z o.o., z siedzib\u0105 w \u017borach, ul. Bankowa 2, 44-240 \u017bory, &nbsp;KRS: 0000834551 (dalej: \u201eAdministrator\u201d).&nbsp;Kontakt do nas:adres e-mail: info@sport-klinika.plScanmed Sport Sp. z o.o., ul. Bankowa 2, 44-244 &hellip; Informacja RODO Read More &raquo;\" \/>\n<meta property=\"og:url\" content=\"https:\/\/www.webinar-med.pl\/med-sport\/informacja-rodo\/\" \/>\n<meta property=\"og:site_name\" content=\"VI Mi\u0119dzynarodowe \u015al\u0105skie Sympozjum Ortopedyczno-Fizjoterapeutyczne - Obr\u0119cz barkowa\" \/>\n<meta property=\"article:modified_time\" content=\"2023-01-30T14:49:33+00:00\" \/>\n<meta name=\"twitter:card\" content=\"summary_large_image\" \/>\n<meta name=\"twitter:label1\" content=\"Szacowany czas czytania\" \/>\n\t<meta name=\"twitter:data1\" content=\"6 minut\" \/>\n<script type=\"application\/ld+json\" class=\"yoast-schema-graph\">{\"@context\":\"https:\/\/schema.org\",\"@graph\":[{\"@type\":\"WebPage\",\"@id\":\"https:\/\/www.webinar-med.pl\/med-sport\/informacja-rodo\/\",\"url\":\"https:\/\/www.webinar-med.pl\/med-sport\/informacja-rodo\/\",\"name\":\"Informacja RODO - VI Mi\u0119dzynarodowe \u015al\u0105skie Sympozjum Ortopedyczno-Fizjoterapeutyczne - Obr\u0119cz barkowa\",\"isPartOf\":{\"@id\":\"https:\/\/www.webinar-med.pl\/med-sport\/#website\"},\"datePublished\":\"2020-11-09T17:50:05+00:00\",\"dateModified\":\"2023-01-30T14:49:33+00:00\",\"breadcrumb\":{\"@id\":\"https:\/\/www.webinar-med.pl\/med-sport\/informacja-rodo\/#breadcrumb\"},\"inLanguage\":\"pl-PL\",\"potentialAction\":[{\"@type\":\"ReadAction\",\"target\":[\"https:\/\/www.webinar-med.pl\/med-sport\/informacja-rodo\/\"]}]},{\"@type\":\"BreadcrumbList\",\"@id\":\"https:\/\/www.webinar-med.pl\/med-sport\/informacja-rodo\/#breadcrumb\",\"itemListElement\":[{\"@type\":\"ListItem\",\"position\":1,\"name\":\"Strona g\u0142\u00f3wna\",\"item\":\"https:\/\/www.webinar-med.pl\/med-sport\/\"},{\"@type\":\"ListItem\",\"position\":2,\"name\":\"Informacja RODO\"}]},{\"@type\":\"WebSite\",\"@id\":\"https:\/\/www.webinar-med.pl\/med-sport\/#website\",\"url\":\"https:\/\/www.webinar-med.pl\/med-sport\/\",\"name\":\"VI Mi\u0119dzynarodowe \u015al\u0105skie Sympozjum Ortopedyczno-Fizjoterapeutyczne - Obr\u0119cz barkowa\",\"description\":\"Scanmed Sport\",\"publisher\":{\"@id\":\"https:\/\/www.webinar-med.pl\/med-sport\/#organization\"},\"potentialAction\":[{\"@type\":\"SearchAction\",\"target\":{\"@type\":\"EntryPoint\",\"urlTemplate\":\"https:\/\/www.webinar-med.pl\/med-sport\/?s={search_term_string}\"},\"query-input\":\"required name=search_term_string\"}],\"inLanguage\":\"pl-PL\"},{\"@type\":\"Organization\",\"@id\":\"https:\/\/www.webinar-med.pl\/med-sport\/#organization\",\"name\":\"VI Mi\u0119dzynarodowe \u015al\u0105skie Sympozjum Ortopedyczno-Fizjoterapeutyczne - Obr\u0119cz barkowa\",\"url\":\"https:\/\/www.webinar-med.pl\/med-sport\/\",\"logo\":{\"@type\":\"ImageObject\",\"inLanguage\":\"pl-PL\",\"@id\":\"https:\/\/www.webinar-med.pl\/med-sport\/#\/schema\/logo\/image\/\",\"url\":\"https:\/\/www.webinar-med.pl\/med-sport\/wp-content\/uploads\/2020\/11\/logo_webinarmed-1.png\",\"contentUrl\":\"https:\/\/www.webinar-med.pl\/med-sport\/wp-content\/uploads\/2020\/11\/logo_webinarmed-1.png\",\"width\":345,\"height\":120,\"caption\":\"VI Mi\u0119dzynarodowe \u015al\u0105skie Sympozjum Ortopedyczno-Fizjoterapeutyczne - Obr\u0119cz barkowa\"},\"image\":{\"@id\":\"https:\/\/www.webinar-med.pl\/med-sport\/#\/schema\/logo\/image\/\"}}]}<\/script>\n<!-- \/ Yoast SEO plugin. -->","yoast_head_json":{"title":"Informacja RODO - VI Mi\u0119dzynarodowe \u015al\u0105skie Sympozjum Ortopedyczno-Fizjoterapeutyczne - Obr\u0119cz barkowa","robots":{"index":"index","follow":"follow","max-snippet":"max-snippet:-1","max-image-preview":"max-image-preview:large","max-video-preview":"max-video-preview:-1"},"canonical":"https:\/\/www.webinar-med.pl\/med-sport\/informacja-rodo\/","og_locale":"pl_PL","og_type":"article","og_title":"Informacja RODO - VI Mi\u0119dzynarodowe \u015al\u0105skie Sympozjum Ortopedyczno-Fizjoterapeutyczne - Obr\u0119cz barkowa","og_description":"INFORMACJA O PRZETWARZANIU DANYCH OSOBOWYCH&nbsp;Zgodnie z Rozporz\u0105dzeniem 2016\/679 (dalej: \u201eRODO\u201d) informujemy, \u017ce przetwarzamy Pa\u0144stwa dane osobowe. Kto administruje Pa\u0144stwa danymi osobowymi?Administratorem Pa\u0144stwa danych osobowych jest: Scanmed Sport Sp. z o.o., z siedzib\u0105 w \u017borach, ul. Bankowa 2, 44-240 \u017bory, &nbsp;KRS: 0000834551 (dalej: \u201eAdministrator\u201d).&nbsp;Kontakt do nas:adres e-mail: info@sport-klinika.plScanmed Sport Sp. z o.o., ul. Bankowa 2, 44-244 &hellip; Informacja RODO Read More &raquo;","og_url":"https:\/\/www.webinar-med.pl\/med-sport\/informacja-rodo\/","og_site_name":"VI Mi\u0119dzynarodowe \u015al\u0105skie Sympozjum Ortopedyczno-Fizjoterapeutyczne - Obr\u0119cz barkowa","article_modified_time":"2023-01-30T14:49:33+00:00","twitter_card":"summary_large_image","twitter_misc":{"Szacowany czas czytania":"6 minut"},"schema":{"@context":"https:\/\/schema.org","@graph":[{"@type":"WebPage","@id":"https:\/\/www.webinar-med.pl\/med-sport\/informacja-rodo\/","url":"https:\/\/www.webinar-med.pl\/med-sport\/informacja-rodo\/","name":"Informacja RODO - VI Mi\u0119dzynarodowe \u015al\u0105skie Sympozjum Ortopedyczno-Fizjoterapeutyczne - Obr\u0119cz barkowa","isPartOf":{"@id":"https:\/\/www.webinar-med.pl\/med-sport\/#website"},"datePublished":"2020-11-09T17:50:05+00:00","dateModified":"2023-01-30T14:49:33+00:00","breadcrumb":{"@id":"https:\/\/www.webinar-med.pl\/med-sport\/informacja-rodo\/#breadcrumb"},"inLanguage":"pl-PL","potentialAction":[{"@type":"ReadAction","target":["https:\/\/www.webinar-med.pl\/med-sport\/informacja-rodo\/"]}]},{"@type":"BreadcrumbList","@id":"https:\/\/www.webinar-med.pl\/med-sport\/informacja-rodo\/#breadcrumb","itemListElement":[{"@type":"ListItem","position":1,"name":"Strona g\u0142\u00f3wna","item":"https:\/\/www.webinar-med.pl\/med-sport\/"},{"@type":"ListItem","position":2,"name":"Informacja RODO"}]},{"@type":"WebSite","@id":"https:\/\/www.webinar-med.pl\/med-sport\/#website","url":"https:\/\/www.webinar-med.pl\/med-sport\/","name":"VI Mi\u0119dzynarodowe \u015al\u0105skie Sympozjum Ortopedyczno-Fizjoterapeutyczne - Obr\u0119cz barkowa","description":"Scanmed Sport","publisher":{"@id":"https:\/\/www.webinar-med.pl\/med-sport\/#organization"},"potentialAction":[{"@type":"SearchAction","target":{"@type":"EntryPoint","urlTemplate":"https:\/\/www.webinar-med.pl\/med-sport\/?s={search_term_string}"},"query-input":"required name=search_term_string"}],"inLanguage":"pl-PL"},{"@type":"Organization","@id":"https:\/\/www.webinar-med.pl\/med-sport\/#organization","name":"VI Mi\u0119dzynarodowe \u015al\u0105skie Sympozjum Ortopedyczno-Fizjoterapeutyczne - Obr\u0119cz barkowa","url":"https:\/\/www.webinar-med.pl\/med-sport\/","logo":{"@type":"ImageObject","inLanguage":"pl-PL","@id":"https:\/\/www.webinar-med.pl\/med-sport\/#\/schema\/logo\/image\/","url":"https:\/\/www.webinar-med.pl\/med-sport\/wp-content\/uploads\/2020\/11\/logo_webinarmed-1.png","contentUrl":"https:\/\/www.webinar-med.pl\/med-sport\/wp-content\/uploads\/2020\/11\/logo_webinarmed-1.png","width":345,"height":120,"caption":"VI Mi\u0119dzynarodowe \u015al\u0105skie Sympozjum Ortopedyczno-Fizjoterapeutyczne - Obr\u0119cz barkowa"},"image":{"@id":"https:\/\/www.webinar-med.pl\/med-sport\/#\/schema\/logo\/image\/"}}]}},"_links":{"self":[{"href":"https:\/\/www.webinar-med.pl\/med-sport\/wp-json\/wp\/v2\/pages\/45"}],"collection":[{"href":"https:\/\/www.webinar-med.pl\/med-sport\/wp-json\/wp\/v2\/pages"}],"about":[{"href":"https:\/\/www.webinar-med.pl\/med-sport\/wp-json\/wp\/v2\/types\/page"}],"author":[{"embeddable":true,"href":"https:\/\/www.webinar-med.pl\/med-sport\/wp-json\/wp\/v2\/users\/1"}],"replies":[{"embeddable":true,"href":"https:\/\/www.webinar-med.pl\/med-sport\/wp-json\/wp\/v2\/comments?post=45"}],"version-history":[{"count":7,"href":"https:\/\/www.webinar-med.pl\/med-sport\/wp-json\/wp\/v2\/pages\/45\/revisions"}],"predecessor-version":[{"id":637,"href":"https:\/\/www.webinar-med.pl\/med-sport\/wp-json\/wp\/v2\/pages\/45\/revisions\/637"}],"wp:attachment":[{"href":"https:\/\/www.webinar-med.pl\/med-sport\/wp-json\/wp\/v2\/media?parent=45"}],"curies":[{"name":"wp","href":"https:\/\/api.w.org\/{rel}","templated":true}]}}